{"id":1831,"date":"2025-09-16T14:36:54","date_gmt":"2025-09-16T05:36:54","guid":{"rendered":"https:\/\/www.kiu.ac.jp\/hq\/?page_id=1831"},"modified":"2025-12-12T08:59:47","modified_gmt":"2025-12-11T23:59:47","slug":"taxlow","status":"publish","type":"page","link":"https:\/\/www.kiu.ac.jp\/hq\/contribution\/taxlow\/","title":{"rendered":"\u7a0e\u6cd5\u4e0a\u306e\u512a\u9047\u63aa\u7f6e"},"content":{"rendered":"\n<h3 class=\"has-text-align-center\"><span style=\"color:#000066\" class=\"has-inline-color\"><strong>CONTENTS<\/strong><\/span><\/h3>\n\n\n\n<div class=\"wp-block-buttons aligncenter\">\n<div class=\"wp-block-button is-style-outline\"><a class=\"wp-block-button__link has-white-background-color has-text-color has-background no-border-radius\" href=\"https:\/\/www.kiu.ac.jp\/hq\/contribution\/guidelines\/\" style=\"color:#000066\">\u3000<strong>\u52df\u91d1\u52df\u96c6\u8981\u9805\u3000<\/strong>\uff1e\u3000<\/a><\/div>\n\n\n\n<div class=\"wp-block-button is-style-outline\"><a class=\"wp-block-button__link has-text-color no-border-radius\" href=\"https:\/\/www.kiu.ac.jp\/hq\/contribution\/howto\/\" style=\"color:#000066\">\u3000<strong><span style=\"color:#000066\" class=\"has-inline-color\">\u304a\u7533\u8fbc\u307f\u65b9\u6cd5\u7b49<\/span>\u3000<\/strong>\uff1e\u3000<\/a><\/div>\n\n\n\n<div class=\"wp-block-button is-style-outline\"><a class=\"wp-block-button__link has-text-color no-border-radius\" href=\"https:\/\/www.kiu.ac.jp\/hq\/contribution\/taxlow\/\" style=\"color:#000066\">\u3000<strong>\u7a0e\u5236\u4e0a\u306e\u512a\u9047\u63aa\u7f6e\u3000<\/strong>\uff1e\u3000<\/a><\/div>\n\n\n\n<div class=\"wp-block-button is-style-outline\"><a class=\"wp-block-button__link has-text-color no-border-radius\" href=\"https:\/\/www.kiu.ac.jp\/hq\/contribution\/names\/\" style=\"color:#000066\">\u3000<strong>\u5bc4\u9644\u91d1\u73fe\u6cc1\u3000<\/strong>\uff1e\u3000<\/a><\/div>\n<\/div>\n\n\n\n<hr class=\"wp-block-separator is-style-default\"\/>\n\n\n\n<h2 id=\"section04\">\u7a0e\u6cd5\u4e0a\u306e\u512a\u9047\u63aa\u7f6e<\/h2>\n\n\n\n<p>\u3000\u672c\u5b66\u5712\u306e\u6559\u80b2\u7814\u7a76\u7528\u65bd\u8a2d\u8a2d\u5099\u53ca\u3073\u74b0\u5883\u6574\u5099\u306e\u76ee\u7684\u306b\u5bc4\u9644\u91d1\u3092\u627f\u308a\u307e\u3059\u3002<\/p>\n\n\n\n<h3>\u5bc4\u9644\u91d1\u304a\u7533\u8fbc\u307f\u306e\u30d5\u30ed\u30fc<\/h3>\n\n\n\n<p><strong>\uff11\uff0e\u304a\u7533\u8fbc\u307f<\/strong><br>\u3000\u8a72\u5f53\u3059\u308b\u300c\u5bc4\u9644\u91d1\u7533\u8fbc\u66f8\u300d\u306b\u5fc5\u8981\u4e8b\u9805\u3092\u3054\u8a18\u5165\u306e\u4e0a\u3001\u3054\u63d0\u51fa\u304f\u3060\u3055\u3044\u3002<br>\u3000\u306a\u304a\u3001\u304a\u624b\u5143\u306b\u7533\u8fbc\u66f8\u7b49\u306e\u66f8\u985e\u304c\u7121\u3044\u5834\u5408\u306b\u306f\u3001\u96fb\u8a71\u3082\u3057\u304f\u306f[<a href=\"#kifuForm\">\u3053\u3061\u3089<\/a>]\u306e\u7533\u8acb\u30d5\u30a9\u30fc\u30e0\u306b\u3066\u304a\u53d6\u308a\u5bc4\u305b\u304f\u3060\u3055\u3044\u3002\u5f8c\u65e5\u3001\u90f5\u9001\u3055\u305b\u3066\u3044\u305f\u3060\u304d\u307e\u3059\u3002<br>\u2193<br><strong>\uff12\uff0e\u304a\u632f\u8fbc\u307f<\/strong><br>\u3000\u5bc4\u9644\u91d1\u3092\u672c\u5b66\u53e3\u5ea7\u3078\u304a\u632f\u8fbc\u307f\u3044\u305f\u3060\u304d\u307e\u3059\u3002<br>\u2193<br><strong>\uff13\uff0e\u5bc4\u9644\u91d1\u63a7\u9664\u95a2\u4fc2\u66f8\u985e\u306e\u9001\u4ed8<\/strong><br>\u3000\u78ba\u5b9a\u7533\u544a\u306b\u5fc5\u8981\u306a\u9818\u53ce\u8a3c\u7b49\u3092\u9001\u4ed8\u3044\u305f\u3057\u307e\u3059\u3002<\/p>\n\n\n\n<h3>\u500b\u4eba\u306e\u5834\u5408<\/h3>\n\n\n\n<p>\u3000\u500b\u4eba\u304b\u3089\u3044\u305f\u3060\u304d\u307e\u3057\u305f\u5bc4\u9644\u91d1\u306b\u3064\u304d\u307e\u3057\u3066\u306f\u3001\u6240\u5f97\u7a0e\u6cd5\u7b2c78\u6761\u7b2c2\u9805\u7b2c2\u53f7\u306e\u898f\u5b9a\u306b\u57fa\u3065\u304d\u3001\u7279\u5b9a\u516c\u76ca\u5897\u9032\u6cd5\u4eba\u306b\u5bfe\u3059\u308b\u5bc4\u9644\u91d1\u3068\u3057\u3066\u3001\u4ee5\u4e0b\u306e\u3088\u3046\u306a\u6240\u5f97\u7a0e\u306e\u5bc4\u9644\u91d1\u63a7\u9664\u306e\u63aa\u7f6e\u3092\u53d7\u3051\u308b\u3053\u3068\u304c\u3067\u304d\u307e\u3059\u3002<\/p>\n\n\n\n<ol><li>\u5bc4\u9644\u91d1\u304c\uff12\u5343\u5186\u3092\u8d85\u3048\u308b\u5834\u5408\u306f\u3001\u305d\u306e\u8d85\u3048\u305f\u91d1\u984d\u304c\u305d\u306e\u5e74\u306e\u7dcf\u6240\u5f97\u91d1\u984d\u7b49\u304b\u3089\u63a7\u9664\u3055\u308c\u307e\u3059\u3002\uff08\u305f\u3060\u3057\u3001\u5e74\u9593\u7dcf\u6240\u5f97\u91d1\u984d\u7b49\u306e100\u5206\u306e40\u304c\u9650\u5ea6\uff09\u5bc4\u9644\u91d1\u984d\u3000-\u3000\uff12\u5343\u5186\u3000\uff1d\u3000\u5bc4\u9644\u91d1\u306e\u6240\u5f97\u63a7\u9664\u984d<\/li><li>\u6240\u5f97\u7a0e\u63a7\u9664\u306e\u624b\u7d9a\u306f\u3001\u5bc4\u9644\u3092\u3057\u3066\u3044\u305f\u3060\u3044\u305f\u7fcc\u5e74\u306e\u78ba\u5b9a\u7533\u544a\u671f\u9593\u306b\u3001\u672c\u5b66\u767a\u884c\u306e\u9818\u53ce\u8a3c\u3068\u6587\u90e8\u79d1\u5b66\u7701\u306e\u300c\u7279\u5b9a\u516c\u76ca\u5897\u9032\u6cd5\u4eba\u8a3c\u660e\u66f8\uff08\u5199\uff09\u300d\u3092\u6dfb\u3048\u3066\u6240\u8f44\u7a0e\u52d9\u7f72\u306b\u78ba\u5b9a\u7533\u544a\u3092\u3057\u3066\u304f\u3060\u3055\u3044\u3002<\/li><\/ol>\n\n\n<div style=\"padding: 1em; border: 1px solid #333; background: #fffff4;\">\u3010\u8a08\u7b97\u4f8b\u3011<br>\u6240\u5f97\u63a7\u9664 \uff1d \u5bc4\u9644\u91d1\u984d\uff08\u7dcf\u6240\u5f97\u306e40%\u304c\u4e0a\u9650\uff09 \uff0d 2,000\u5186<br>\u6e1b\u7a0e\u984d \uff1d \u6240\u5f97\u63a7\u9664 \u00d7 \u6240\u5f97\u7a0e\u7387\uff085%\uff5e40%\uff09<br>\u8ab2\u7a0e\u6240\u5f97500\u4e07\u5186\u3001\u5bc4\u9644\u91d1\u984d5\u4e07\u5186\u306e\u5834\u5408<br>\uff0850,000\u5186\uff0d2,000\u5186\uff09\u00d720%\uff08\u6240\u5f97\u7a0e\u7387\uff09\uff1d9,600\u5186\uff08\u9084\u4ed8\u91d1\u984d\uff09<\/div>\n\n\n<div style=\"height:20px\" aria-hidden=\"true\" class=\"wp-block-spacer\"><\/div>\n\n\n\n<p>\u53c2\u8003\uff1a\u6e1b\u7a0e\u984d\u306e\u76ee\u5b89<\/p>\n\n\n\n<figure class=\"wp-block-table is-style-stripes\"><table><tbody><tr><td class=\"has-text-align-center\" data-align=\"center\">\u8ab2\u7a0e\u6240\u5f97\u91d1\u984d<br>\uff08\u6240\u5f97\u7a0e\u7387\uff09<\/td><td class=\"has-text-align-center\" data-align=\"center\">300\u4e07\u5186\u306e\u5834\u5408<br>\uff0810%\uff09<\/td><td class=\"has-text-align-center\" data-align=\"center\">500\u4e07\u5186\u306e\u5834\u5408<br>\uff0820%\uff09<\/td><td class=\"has-text-align-center\" data-align=\"center\">800\u4e07\u5186\u306e\u5834\u5408<br>\uff0823%\uff09<\/td><\/tr><tr><td class=\"has-text-align-center\" data-align=\"center\">\u5bc4\u9644\u91d1\u984d<\/td><td class=\"has-text-align-center\" data-align=\"center\">\u63a7\u9664\u984d<\/td><td class=\"has-text-align-center\" data-align=\"center\">\u63a7\u9664\u984d<\/td><td class=\"has-text-align-center\" data-align=\"center\">\u63a7\u9664\u984d<\/td><\/tr><tr><td class=\"has-text-align-center\" data-align=\"center\">10,000\u5186<\/td><td class=\"has-text-align-center\" data-align=\"center\">800\u5186<\/td><td class=\"has-text-align-center\" data-align=\"center\">1,600\u5186<\/td><td class=\"has-text-align-center\" data-align=\"center\">1,840\u5186<\/td><\/tr><tr><td class=\"has-text-align-center\" data-align=\"center\">50,000\u5186<\/td><td class=\"has-text-align-center\" data-align=\"center\">4,800\u5186<\/td><td class=\"has-text-align-center\" data-align=\"center\">9,600\u5186<\/td><td class=\"has-text-align-center\" data-align=\"center\">11,040\u5186<\/td><\/tr><tr><td class=\"has-text-align-center\" data-align=\"center\">100,000\u5186<\/td><td class=\"has-text-align-center\" data-align=\"center\">9,800\u5186<\/td><td class=\"has-text-align-center\" data-align=\"center\">19,600\u5186<\/td><td class=\"has-text-align-center\" data-align=\"center\">22,540\u5186<\/td><\/tr><tr><td class=\"has-text-align-center\" data-align=\"center\">500,000\u5186<\/td><td class=\"has-text-align-center\" data-align=\"center\">49,800\u5186<\/td><td class=\"has-text-align-center\" data-align=\"center\">99,600\u5186<\/td><td class=\"has-text-align-center\" data-align=\"center\">114,540\u5186<\/td><\/tr><\/tbody><\/table><\/figure>\n\n\n\n<h3>\u6cd5\u4eba\u306e\u5834\u5408<\/h3>\n\n\n\n<p>\u3000\u6cd5\u4eba\u304b\u3089\u306e\u5bc4\u9644\u91d1\u306b\u3064\u304d\u307e\u3057\u3066\u306f\u3001\u6cd5\u4eba\u7a0e\u6cd5\u7b2c37\u6761\u7b2c4\u9805\u7b2c2\u53f7\u53ca\u30733\u53f7\u306b\u57fa\u3065\u3044\u3066\u3001\u5f53\u8a72\u4e8b\u696d\u5e74\u5ea6\u306e\u640d\u91d1\u306b\u7b97\u5165\u3059\u308b\u3053\u3068\u304c\u3067\u304d\u307e\u3059\u3002<br>\u3000\u640d\u91d1\u7b97\u5165\u306e\u305f\u3081\u306e\u624b\u7d9a\u306f\u3001\u300c\u7279\u5b9a\u516c\u76ca\u5897\u9032\u6cd5\u4eba\u306b\u5bfe\u3059\u308b\u5bc4\u9644\u91d1\u300d\u3068\u300c\u53d7\u914d\u8005\u6307\u5b9a\u5bc4\u9644\u91d1\u300d\u3068\u306e\u4e8c\u901a\u308a\u306e\u3046\u3061\u3001\u3069\u3061\u3089\u304b\u3092\u9078\u629e\u3059\u308b\u5fc5\u8981\u304c\u3042\u308a\u307e\u3059\u3002<\/p>\n\n\n\n<h3>\u7279\u5b9a\u516c\u76ca\u5897\u9032\u6cd5\u4eba\u306b\u5bfe\u3059\u308b\u5bc4\u9644\u91d1<\/h3>\n\n\n\n<p>\u3000\u6cd5\u4eba\u304c\u4e5d\u5dde\u56fd\u969b\u5927\u5b66\u306b\u5bc4\u9644\u3055\u308c\u305f\u5834\u5408\u3001\u7279\u5b9a\u516c\u76ca\u5897\u9032\u6cd5\u4eba\u306b\u5bfe\u3059\u308b\u5bc4\u9644\u91d1\u3068\u3057\u3066\u3001\u640d\u91d1\u7b97\u5165\u9650\u5ea6\u984d\u307e\u3067\u640d\u91d1\u3068\u3057\u3066\u7b97\u5165\u3067\u304d\u307e\u3059\u3002\u307e\u305f\u9650\u5ea6\u984d\u3092\u8d85\u3048\u308b\u90e8\u5206\u306e\u91d1\u984d\u306f\u4e00\u822c\u5bc4\u9644\u91d1\u306e\u640d\u91d1\u7b97\u5165\u9650\u5ea6\u984d\u306e\u7bc4\u56f2\u3067\u640d\u91d1\u7b97\u5165\u304c\u3067\u304d\u307e\u3059\u3002<\/p>\n\n\n\n<ol><li>\u3053\u306e\u5bc4\u9644\u91d1\u306b\u3088\u308b\u640d\u91d1\u7b97\u5165\u306f\u3001\u672c\u5b66\u767a\u884c\u306e\u9818\u53ce\u8a3c\u3068\u6587\u90e8\u79d1\u5b66\u7701\u306e\u300c\u7279\u5b9a\u516c\u76ca\u5897\u9032\u6cd5\u4eba\u8a3c\u660e\u66f8\uff08\u5199\uff09\u300d\u306b\u3088\u3063\u3066\u624b\u7d9a\u3092\u3059\u308b\u3053\u3068\u304c\u3067\u304d\u307e\u3059\u3002<\/li><li>\u4e0a\u8a18\u306e\u66f8\u985e\u306f\u3001\u5bc4\u9644\u91d1\u304c\u672c\u5b66\u306b\u5165\u91d1\u3055\u308c\u6b21\u7b2c\u3001\u304a\u9001\u308a\u3044\u305f\u3057\u307e\u3059\u3002<\/li><\/ol>\n\n\n\n<div class=\"wp-block-image\"><figure class=\"aligncenter size-large\"><img loading=\"lazy\" width=\"562\" height=\"149\" src=\"https:\/\/www.kiu.ac.jp\/hq\/wp-content\/uploads\/yuuguu_img102.jpg\" alt=\"\u7279\u5b9a\u516c\u76ca\u5897\u9032\u6cd5\u4eba\u306b\u5bfe\u3059\u308b\u5bc4\u9644\u91d1\" class=\"wp-image-237\" srcset=\"https:\/\/www.kiu.ac.jp\/hq\/wp-content\/uploads\/yuuguu_img102.jpg 562w, https:\/\/www.kiu.ac.jp\/hq\/wp-content\/uploads\/yuuguu_img102-300x80.jpg 300w\" sizes=\"(max-width: 562px) 100vw, 562px\" \/><\/figure><\/div>\n\n\n\n<h3><strong>\u7279\u5b9a\u516c\u76ca\u5897\u9032\u6cd5\u4eba\u306b\u5bfe\u3059\u308b\u5bc4\u9644\u91d1\u306e\u640d\u91d1\u7b97\u5165\u9650\u5ea6\u984d\u306e\u8a08\u7b97\u65b9\u6cd5<\/strong><\/h3>\n\n\n\n<p>A\uff1a\u8cc7\u672c\u7b49\u306e\u91d1\u984d\u00d7\u5f53\u671f\u306e\u6708\u6570\uff0f12\u00d73.75\uff0f1000<br>B\uff1a\u5bc4\u9644\u91d1\u652f\u51fa\u524d\u306e\u5f53\u671f\u306e\u6240\u5f97\u91d1\u984d\u00d76.25\uff0f100<\/p>\n\n\n\n<p>\uff08A\uff0bB\uff09\u00d71\uff0f2\uff1d\u9650\u5ea6\u984d<\/p>\n\n\n\n<p>\u203b\u8cc7\u672c\u7b49\u306e\u91d1\u984d\u306f\u3001\u8cc7\u672c\u91d1\u984d\u3068\u8cc7\u672c\u7a4d\u7acb\u91d1\u984d\u306e\u5408\u8a08\u984d\u3067\u3059\u3002<\/p>\n\n\n<div style=\"padding: 1em; border: 1px solid #333; background: #fffff4;\">\u3010\u8a08\u7b97\u4f8b\u3011<br>\u8cc7\u672c\u91d1\u7b49\u306e\u984d20,000,000\u5186\u3001\u6240\u5f97\u306e\u91d1\u984d14,000,000\u5186\u30011\u5e74\u6c7a\u7b97\u6cd5\u4eba\u306e\u5834\u5408<br>(20,000,000\u5186\u00d712\/12\u00d70.375%+14,000,000\u00d76.25%)\u00d71\/2\u3000=\u3000475,000\u5186<br>\uff0a\u3053\u306e\u5834\u5408475,000\u5186\u3092\u8d85\u3048\u308b\u90e8\u5206\u306e\u91d1\u984d\u306f\u3001\u4e00\u822c\u306e\u5bc4\u9644\u5148\u3078\u306e\u5bc4\u9644\u3068\u3057\u3066\u640d\u91d1\u7b97\u5165\u304c\u3067\u304d\u307e\u3059\u3002<\/div>\n\n\n<h3>\u4e00\u822c\u5bc4\u9644\u91d1\u306e\u640d\u91d1\u7b97\u5165\u9650\u5ea6\u984d\u306e\u8a08\u7b97\u65b9\u6cd5<\/h3>\n\n\n\n<p>A\uff1a\u8cc7\u672c\u7b49\u306e\u91d1\u984d\u00d7\u5f53\u671f\u306e\u6708\u6570\uff0f12\u00d72.5\uff0f1000<br>B\uff1a\u5bc4\u9644\u91d1\u652f\u51fa\u524d\u306e\u5f53\u671f\u306e\u6240\u5f97\u91d1\u984d\u00d72.5\uff0f100<\/p>\n\n\n\n<p>\uff08A\uff0bB\uff09\u00d71\uff0f4\uff1d\u9650\u5ea6\u984d<\/p>\n\n\n\n<p>\u203b\u8cc7\u672c\u7b49\u306e\u91d1\u984d\u306f\u3001\u8cc7\u672c\u91d1\u984d\u3068\u8cc7\u672c\u7a4d\u7acb\u91d1\u984d\u306e\u5408\u8a08\u984d\u3067\u3059\u3002<\/p>\n\n\n<div style=\"padding: 1em; border: 1px solid #333; background: #fffff4;\">\u3010\u8a08\u7b97\u4f8b\u3011<br>\u8cc7\u672c\u91d1\u7b49\u306e\u984d20,000,000\u5186\u3001\u6240\u5f97\u306e\u91d1\u984d14,000,000\u5186\u30011\u5e74\u6c7a\u7b97\u6cd5\u4eba\u306e\u5834\u5408<br>\uff0820,000,000\u5186\u00d712\/12\u00d70.25%\uff0b14,000,000\u5186\u00d72.5%\uff09\u00d71\/4\u3000=\u3000100,000\u5186<\/div>\n\n\n<h3>\u53d7\u914d\u8005\u6307\u5b9a\u5bc4\u9644\u91d1<\/h3>\n\n\n\n<p>\u3000\u5bc4\u9644\u91d1\u306e\u5168\u984d\u3092\u5bc4\u9644\u3057\u305f\u4e8b\u696d\u5e74\u5ea6\u306e\u640d\u91d1\u306b\u3059\u308b\u3053\u3068\u304c\u3067\u304d\u307e\u3059\u3002\u3053\u306e\u7a0e\u6cd5\u4e0a\u306e\u512a\u9047\u63aa\u7f6e\u3092\u53d7\u3051\u308b\u305f\u3081\u306b\u306f\u65e5\u672c\u79c1\u7acb\u5b66\u6821\u632f\u8208\u30fb\u5171\u6e08\u4e8b\u696d\u56e3\uff08\u4ee5\u4e0b\u300c\u4e8b\u696d\u56e3\u300d\u3068\u3044\u3046\u3002\uff09\u5b9b\u306b\u7533\u8fbc\u624b\u7d9a\u3092\u3059\u308b\u5fc5\u8981\u304c\u3042\u308a\u307e\u3059\u3002\u4e8b\u696d\u56e3\u3078\u306e\u8af8\u624b\u7d9a\u306f\u5f53\u5927\u5b66\u3067\u884c\u3044\u307e\u3059\u3002\u306a\u304a\u3001\u640d\u91d1\u7b97\u5165\u624b\u7d9a\u304d\u306b\u306f\u3001\u4e8b\u696d\u56e3\u767a\u884c\u306e\u300c\u5bc4\u9644\u91d1\u53d7\u9818\u66f8\u300d\u304c\u5fc5\u8981\u3068\u306a\u308a\u307e\u3059\u3002\u300c\u5bc4\u9644\u91d1\u53d7\u9818\u66f8\u300d\u306f\u3001\u672c\u5b66\u3092\u7d4c\u7531\u3057\u3066\u5bc4\u9644\u8005\u306b\u304a\u9001\u308a\u3044\u305f\u3057\u307e\u3059\u3002<\/p>\n\n\n\n<ol><li>\u5bc4\u9644\u91d1\u304c\u672c\u5b66\u306b\u5165\u91d1\u3055\u308c\u6b21\u7b2c\u3001\u672c\u5b66\u767a\u884c\u306e\u300c\u9810\u308a\u8a3c\u300d\u3092\u304a\u9001\u308a\u3044\u305f\u3057\u307e\u3059\u3002<\/li><li>\u672c\u5b66\u306b\u5165\u91d1\u3055\u308c\u305f\u5bc4\u9644\u91d1\u306f\u3001\u672c\u5b66\u304b\u3089\u4e00\u65e6\u3001\u4e8b\u696d\u56e3\u306b\u5165\u91d1\u3057\u307e\u3059\u3002<\/li><li>\u5bc4\u9644\u8005\u306b\u4ea4\u4ed8\u3059\u308b\u300c\u5bc4\u9644\u91d1\u53d7\u9818\u66f8\u300d\u304c\u4e8b\u696d\u56e3\u304b\u3089\u672c\u5b66\u306b\u9001\u3089\u308c\u6b21\u7b2c\u3001\u5bc4\u9644\u8005\u306b\u304a\u9001\u308a\u3044\u305f\u3057\u307e\u3059\u3002<\/li><\/ol>\n\n\n\n<div class=\"wp-block-image\"><figure class=\"aligncenter size-large\"><img loading=\"lazy\" width=\"610\" height=\"154\" src=\"https:\/\/www.kiu.ac.jp\/hq\/wp-content\/uploads\/yuuguu_img101.jpg\" alt=\"\u53d7\u914d\u8005\u6307\u5b9a\u5bc4\u9644\u91d1\" class=\"wp-image-239\" srcset=\"https:\/\/www.kiu.ac.jp\/hq\/wp-content\/uploads\/yuuguu_img101.jpg 610w, https:\/\/www.kiu.ac.jp\/hq\/wp-content\/uploads\/yuuguu_img101-300x76.jpg 300w\" sizes=\"(max-width: 610px) 100vw, 610px\" \/><\/figure><\/div>\n\n\n\n<p>\uff08\u6ce81\uff09\u640d\u91d1\u7b97\u5165\u306b\u3064\u3044\u3066\uff1a \u4e8b\u696d\u56e3\u304c\u5bc4\u9644\u91d1\u3092\u53d7\u7406\u3057\u305f\u65e5\u304c\u640d\u91d1\u7b97\u5165\u65e5\u3068\u306a\u308a\u307e\u3059\u3002\u5f53\u8a72\u6c7a\u7b97\u671f\u306b\u640d\u91d1\u51e6\u7406\u3092\u3055\u308c\u308b\u4e88\u5b9a\u306e\u5834\u5408\u306b\u306f\u3001\u8af8\u624b\u7d9a\u304d\u306e\u95a2\u4fc2\u4e0a\u3001\u5c11\u306a\u304f\u3068\u3082\u6c7a\u7b97\u65e5\u306e50\u65e5\u524d\u307e\u3067\u306b\u304a\u6255\u3044\u8fbc\u307f\u304f\u3060\u3055\u308b\u3088\u3046\u304a\u9858\u3044\u3044\u305f\u3057\u307e\u3059\u3002<\/p>\n\n\n\n<hr class=\"wp-block-separator is-style-dots\"\/>\n\n\n\n<p><strong>\u5bc4\u9644\u306b\u95a2\u3059\u308b\u304a\u554f\u5408\u305b\u5148<\/strong><br>\u5b66\u6821\u6cd5\u4eba\u4e5d\u5dde\u56fd\u969b\u5927\u5b66 \u6cd5\u4eba\u4e8b\u52d9\u5c40\u5bc4\u9644\u91d1\u62c5\u5f53<br>\u3012805-8513\u3000\u798f\u5ca1\u770c\u5317\u4e5d\u5dde\u5e02\u516b\u5e61\u6771\u533a\u5e73\u91ce\u4e8c\u4e01\u76ee5\u756a1\u53f7<br>TEL\uff1a093-671-8900\u3000FAX\uff1a093-671-9032<br>E-mail : kifu@office.kiu.ac.jp<\/p>\n","protected":false},"excerpt":{"rendered":"<p>CONTENTS \u7a0e\u6cd5\u4e0a\u306e\u512a\u9047\u63aa\u7f6e \u3000\u672c\u5b66\u5712\u306e\u6559\u80b2\u7814\u7a76\u7528\u65bd\u8a2d\u8a2d\u5099\u53ca\u3073\u74b0\u5883\u6574\u5099\u306e\u76ee\u7684\u306b\u5bc4\u9644\u91d1\u3092\u627f\u308a\u307e\u3059\u3002 \u5bc4\u9644\u91d1\u304a\u7533\u8fbc\u307f\u306e\u30d5\u30ed\u30fc \uff11\uff0e\u304a\u7533\u8fbc\u307f\u3000\u8a72\u5f53\u3059\u308b\u300c\u5bc4\u9644\u91d1\u7533\u8fbc\u66f8\u300d\u306b\u5fc5\u8981\u4e8b\u9805\u3092\u3054\u8a18\u5165\u306e\u4e0a\u3001\u3054\u63d0\u51fa\u304f\u3060\u3055\u3044\u3002\u3000\u306a\u304a\u3001\u304a\u624b\u5143 [&hellip;]<\/p>\n","protected":false},"author":4,"featured_media":0,"parent":29,"menu_order":40,"comment_status":"closed","ping_status":"closed","template":"","meta":{"_links_to":"","_links_to_target":""},"_links":{"self":[{"href":"https:\/\/www.kiu.ac.jp\/hq\/wp-json\/wp\/v2\/pages\/1831"}],"collection":[{"href":"https:\/\/www.kiu.ac.jp\/hq\/wp-json\/wp\/v2\/pages"}],"about":[{"href":"https:\/\/www.kiu.ac.jp\/hq\/wp-json\/wp\/v2\/types\/page"}],"author":[{"embeddable":true,"href":"https:\/\/www.kiu.ac.jp\/hq\/wp-json\/wp\/v2\/users\/4"}],"replies":[{"embeddable":true,"href":"https:\/\/www.kiu.ac.jp\/hq\/wp-json\/wp\/v2\/comments?post=1831"}],"version-history":[{"count":3,"href":"https:\/\/www.kiu.ac.jp\/hq\/wp-json\/wp\/v2\/pages\/1831\/revisions"}],"predecessor-version":[{"id":2086,"href":"https:\/\/www.kiu.ac.jp\/hq\/wp-json\/wp\/v2\/pages\/1831\/revisions\/2086"}],"up":[{"embeddable":true,"href":"https:\/\/www.kiu.ac.jp\/hq\/wp-json\/wp\/v2\/pages\/29"}],"wp:attachment":[{"href":"https:\/\/www.kiu.ac.jp\/hq\/wp-json\/wp\/v2\/media?parent=1831"}],"curies":[{"name":"wp","href":"https:\/\/api.w.org\/{rel}","templated":true}]}}